{"id":3858,"date":"2026-02-27T18:50:38","date_gmt":"2026-02-27T15:50:38","guid":{"rendered":"https:\/\/varenotomotiv.com\/urun\/mic-235-55r18-104w-xl-primacy-5-b-a-70-yaz-michelin-lastik-2025\/"},"modified":"2026-03-02T17:59:08","modified_gmt":"2026-03-02T14:59:08","slug":"mic-235-55r18-104w-xl-primacy-5-b-a-70-yaz-michelin-lastik-2025","status":"publish","type":"product","link":"https:\/\/varenotomotiv.com\/en\/product\/mic-235-55r18-104w-xl-primacy-5-b-a-70-yaz-michelin-lastik-2025\/","title":{"rendered":"MIC.235\/55R18 104W XL PR\u0130MACY 5 (B-A-70) (YAZ) M\u0130CHEL\u0130N LAST\u0130K (2025)"},"content":{"rendered":"<p>&#8211;<\/p>","protected":false},"excerpt":{"rendered":"<p>&#8211;<\/p>","protected":false},"featured_media":4442,"comment_status":"open","ping_status":"closed","template":"","meta":{"_themeisle_gutenberg_block_has_review":false},"product_brand":[53],"product_cat":[35],"product_tag":[],"class_list":{"0":"post-3858","1":"product","2":"type-product","3":"status-publish","4":"has-post-thumbnail","6":"product_brand-michelin","7":"product_cat-binek-lastikleri","9":"first","10":"instock","11":"shipping-taxable","12":"purchasable","13":"product-type-simple"},"yoast_head":"<!-- This site is optimized with the Yoast SEO plugin v27.4 - https:\/\/yoast.com\/product\/yoast-seo-wordpress\/ -->\n<title>MIC.235\/55R18 104W XL PR\u0130MACY 5 (B-A-70) (YAZ) M\u0130CHEL\u0130N LAST\u0130K (2025) - Varen Otomotiv<\/title>\n<meta name=\"robots\" content=\"index, follow, max-snippet:-1, max-image-preview:large, max-video-preview:-1\" \/>\n<link rel=\"canonical\" href=\"https:\/\/varenotomotiv.com\/en\/product\/mic-235-55r18-104w-xl-primacy-5-b-a-70-yaz-michelin-lastik-2025\/\" \/>\n<meta property=\"og:locale\" content=\"en_GB\" \/>\n<meta property=\"og:type\" content=\"article\" \/>\n<meta property=\"og:title\" content=\"MIC.235\/55R18 104W XL PR\u0130MACY 5 (B-A-70) (YAZ) M\u0130CHEL\u0130N LAST\u0130K (2025) - Varen Otomotiv\" \/>\n<meta property=\"og:description\" content=\"&#8211;\" \/>\n<meta property=\"og:url\" content=\"https:\/\/varenotomotiv.com\/en\/product\/mic-235-55r18-104w-xl-primacy-5-b-a-70-yaz-michelin-lastik-2025\/\" \/>\n<meta property=\"og:site_name\" content=\"Varen Otomotiv\" \/>\n<meta property=\"article:modified_time\" content=\"2026-03-02T14:59:08+00:00\" \/>\n<meta name=\"twitter:card\" content=\"summary_large_image\" \/>\n<script type=\"application\/ld+json\" class=\"yoast-schema-graph\">{\"@context\":\"https:\\\/\\\/schema.org\",\"@graph\":[{\"@type\":\"WebPage\",\"@id\":\"https:\\\/\\\/varenotomotiv.com\\\/urun\\\/mic-235-55r18-104w-xl-primacy-5-b-a-70-yaz-michelin-lastik-2025\\\/\",\"url\":\"https:\\\/\\\/varenotomotiv.com\\\/urun\\\/mic-235-55r18-104w-xl-primacy-5-b-a-70-yaz-michelin-lastik-2025\\\/\",\"name\":\"MIC.235\\\/55R18 104W XL PR\u0130MACY 5 (B-A-70) (YAZ) M\u0130CHEL\u0130N LAST\u0130K (2025) - Varen Otomotiv\",\"isPartOf\":{\"@id\":\"https:\\\/\\\/varenotomotiv.com\\\/#website\"},\"primaryImageOfPage\":{\"@id\":\"https:\\\/\\\/varenotomotiv.com\\\/urun\\\/mic-235-55r18-104w-xl-primacy-5-b-a-70-yaz-michelin-lastik-2025\\\/#primaryimage\"},\"image\":{\"@id\":\"https:\\\/\\\/varenotomotiv.com\\\/urun\\\/mic-235-55r18-104w-xl-primacy-5-b-a-70-yaz-michelin-lastik-2025\\\/#primaryimage\"},\"thumbnailUrl\":\"https:\\\/\\\/varenotomotiv.com\\\/wp-content\\\/uploads\\\/2026\\\/03\\\/IMP-83cc65af4b2f_bc284141ebf5.jpg\",\"datePublished\":\"2026-02-27T15:50:38+00:00\",\"dateModified\":\"2026-03-02T14:59:08+00:00\",\"breadcrumb\":{\"@id\":\"https:\\\/\\\/varenotomotiv.com\\\/urun\\\/mic-235-55r18-104w-xl-primacy-5-b-a-70-yaz-michelin-lastik-2025\\\/#breadcrumb\"},\"inLanguage\":\"en-GB\",\"potentialAction\":[{\"@type\":\"ReadAction\",\"target\":[\"https:\\\/\\\/varenotomotiv.com\\\/urun\\\/mic-235-55r18-104w-xl-primacy-5-b-a-70-yaz-michelin-lastik-2025\\\/\"]}]},{\"@type\":\"ImageObject\",\"inLanguage\":\"en-GB\",\"@id\":\"https:\\\/\\\/varenotomotiv.com\\\/urun\\\/mic-235-55r18-104w-xl-primacy-5-b-a-70-yaz-michelin-lastik-2025\\\/#primaryimage\",\"url\":\"https:\\\/\\\/varenotomotiv.com\\\/wp-content\\\/uploads\\\/2026\\\/03\\\/IMP-83cc65af4b2f_bc284141ebf5.jpg\",\"contentUrl\":\"https:\\\/\\\/varenotomotiv.com\\\/wp-content\\\/uploads\\\/2026\\\/03\\\/IMP-83cc65af4b2f_bc284141ebf5.jpg\",\"width\":558,\"height\":842,\"caption\":\"Screenshot\"},{\"@type\":\"BreadcrumbList\",\"@id\":\"https:\\\/\\\/varenotomotiv.com\\\/urun\\\/mic-235-55r18-104w-xl-primacy-5-b-a-70-yaz-michelin-lastik-2025\\\/#breadcrumb\",\"itemListElement\":[{\"@type\":\"ListItem\",\"position\":1,\"name\":\"Anasayfa\",\"item\":\"https:\\\/\\\/varenotomotiv.com\\\/\"},{\"@type\":\"ListItem\",\"position\":2,\"name\":\"T\u00fcm \u00dcr\u00fcnler\",\"item\":\"https:\\\/\\\/varenotomotiv.com\\\/tum-urunler\\\/\"},{\"@type\":\"ListItem\",\"position\":3,\"name\":\"MIC.235\\\/55R18 104W XL PR\u0130MACY 5 (B-A-70) (YAZ) M\u0130CHEL\u0130N LAST\u0130K (2025)\"}]},{\"@type\":\"WebSite\",\"@id\":\"https:\\\/\\\/varenotomotiv.com\\\/#website\",\"url\":\"https:\\\/\\\/varenotomotiv.com\\\/\",\"name\":\"Varen Otomotiv\",\"description\":\"\",\"publisher\":{\"@id\":\"https:\\\/\\\/varenotomotiv.com\\\/#organization\"},\"potentialAction\":[{\"@type\":\"SearchAction\",\"target\":{\"@type\":\"EntryPoint\",\"urlTemplate\":\"https:\\\/\\\/varenotomotiv.com\\\/?s={search_term_string}\"},\"query-input\":{\"@type\":\"PropertyValueSpecification\",\"valueRequired\":true,\"valueName\":\"search_term_string\"}}],\"inLanguage\":\"en-GB\"},{\"@type\":\"Organization\",\"@id\":\"https:\\\/\\\/varenotomotiv.com\\\/#organization\",\"name\":\"Varen Otomotiv\",\"url\":\"https:\\\/\\\/varenotomotiv.com\\\/\",\"logo\":{\"@type\":\"ImageObject\",\"inLanguage\":\"en-GB\",\"@id\":\"https:\\\/\\\/varenotomotiv.com\\\/#\\\/schema\\\/logo\\\/image\\\/\",\"url\":\"https:\\\/\\\/varenotomotiv.com\\\/wp-content\\\/uploads\\\/2026\\\/01\\\/Varen-Logo-Koyu1.png\",\"contentUrl\":\"https:\\\/\\\/varenotomotiv.com\\\/wp-content\\\/uploads\\\/2026\\\/01\\\/Varen-Logo-Koyu1.png\",\"width\":500,\"height\":109,\"caption\":\"Varen Otomotiv\"},\"image\":{\"@id\":\"https:\\\/\\\/varenotomotiv.com\\\/#\\\/schema\\\/logo\\\/image\\\/\"}}]}<\/script>\n<!-- \/ Yoast SEO plugin. -->","yoast_head_json":{"title":"MIC.235\/55R18 104W XL PR\u0130MACY 5 (B-A-70) (YAZ) M\u0130CHEL\u0130N LAST\u0130K (2025) - Varen Otomotiv","robots":{"index":"index","follow":"follow","max-snippet":"max-snippet:-1","max-image-preview":"max-image-preview:large","max-video-preview":"max-video-preview:-1"},"canonical":"https:\/\/varenotomotiv.com\/en\/product\/mic-235-55r18-104w-xl-primacy-5-b-a-70-yaz-michelin-lastik-2025\/","og_locale":"en_GB","og_type":"article","og_title":"MIC.235\/55R18 104W XL PR\u0130MACY 5 (B-A-70) (YAZ) M\u0130CHEL\u0130N LAST\u0130K (2025) - Varen Otomotiv","og_description":"&#8211;","og_url":"https:\/\/varenotomotiv.com\/en\/product\/mic-235-55r18-104w-xl-primacy-5-b-a-70-yaz-michelin-lastik-2025\/","og_site_name":"Varen Otomotiv","article_modified_time":"2026-03-02T14:59:08+00:00","twitter_card":"summary_large_image","schema":{"@context":"https:\/\/schema.org","@graph":[{"@type":"WebPage","@id":"https:\/\/varenotomotiv.com\/urun\/mic-235-55r18-104w-xl-primacy-5-b-a-70-yaz-michelin-lastik-2025\/","url":"https:\/\/varenotomotiv.com\/urun\/mic-235-55r18-104w-xl-primacy-5-b-a-70-yaz-michelin-lastik-2025\/","name":"MIC.235\/55R18 104W XL PR\u0130MACY 5 (B-A-70) (YAZ) M\u0130CHEL\u0130N LAST\u0130K (2025) - Varen Otomotiv","isPartOf":{"@id":"https:\/\/varenotomotiv.com\/#website"},"primaryImageOfPage":{"@id":"https:\/\/varenotomotiv.com\/urun\/mic-235-55r18-104w-xl-primacy-5-b-a-70-yaz-michelin-lastik-2025\/#primaryimage"},"image":{"@id":"https:\/\/varenotomotiv.com\/urun\/mic-235-55r18-104w-xl-primacy-5-b-a-70-yaz-michelin-lastik-2025\/#primaryimage"},"thumbnailUrl":"https:\/\/varenotomotiv.com\/wp-content\/uploads\/2026\/03\/IMP-83cc65af4b2f_bc284141ebf5.jpg","datePublished":"2026-02-27T15:50:38+00:00","dateModified":"2026-03-02T14:59:08+00:00","breadcrumb":{"@id":"https:\/\/varenotomotiv.com\/urun\/mic-235-55r18-104w-xl-primacy-5-b-a-70-yaz-michelin-lastik-2025\/#breadcrumb"},"inLanguage":"en-GB","potentialAction":[{"@type":"ReadAction","target":["https:\/\/varenotomotiv.com\/urun\/mic-235-55r18-104w-xl-primacy-5-b-a-70-yaz-michelin-lastik-2025\/"]}]},{"@type":"ImageObject","inLanguage":"en-GB","@id":"https:\/\/varenotomotiv.com\/urun\/mic-235-55r18-104w-xl-primacy-5-b-a-70-yaz-michelin-lastik-2025\/#primaryimage","url":"https:\/\/varenotomotiv.com\/wp-content\/uploads\/2026\/03\/IMP-83cc65af4b2f_bc284141ebf5.jpg","contentUrl":"https:\/\/varenotomotiv.com\/wp-content\/uploads\/2026\/03\/IMP-83cc65af4b2f_bc284141ebf5.jpg","width":558,"height":842,"caption":"Screenshot"},{"@type":"BreadcrumbList","@id":"https:\/\/varenotomotiv.com\/urun\/mic-235-55r18-104w-xl-primacy-5-b-a-70-yaz-michelin-lastik-2025\/#breadcrumb","itemListElement":[{"@type":"ListItem","position":1,"name":"Anasayfa","item":"https:\/\/varenotomotiv.com\/"},{"@type":"ListItem","position":2,"name":"T\u00fcm \u00dcr\u00fcnler","item":"https:\/\/varenotomotiv.com\/tum-urunler\/"},{"@type":"ListItem","position":3,"name":"MIC.235\/55R18 104W XL PR\u0130MACY 5 (B-A-70) (YAZ) M\u0130CHEL\u0130N LAST\u0130K (2025)"}]},{"@type":"WebSite","@id":"https:\/\/varenotomotiv.com\/#website","url":"https:\/\/varenotomotiv.com\/","name":"Varen Otomotiv","description":"","publisher":{"@id":"https:\/\/varenotomotiv.com\/#organization"},"potentialAction":[{"@type":"SearchAction","target":{"@type":"EntryPoint","urlTemplate":"https:\/\/varenotomotiv.com\/?s={search_term_string}"},"query-input":{"@type":"PropertyValueSpecification","valueRequired":true,"valueName":"search_term_string"}}],"inLanguage":"en-GB"},{"@type":"Organization","@id":"https:\/\/varenotomotiv.com\/#organization","name":"Varen Otomotiv","url":"https:\/\/varenotomotiv.com\/","logo":{"@type":"ImageObject","inLanguage":"en-GB","@id":"https:\/\/varenotomotiv.com\/#\/schema\/logo\/image\/","url":"https:\/\/varenotomotiv.com\/wp-content\/uploads\/2026\/01\/Varen-Logo-Koyu1.png","contentUrl":"https:\/\/varenotomotiv.com\/wp-content\/uploads\/2026\/01\/Varen-Logo-Koyu1.png","width":500,"height":109,"caption":"Varen Otomotiv"},"image":{"@id":"https:\/\/varenotomotiv.com\/#\/schema\/logo\/image\/"}}]}},"_links":{"self":[{"href":"https:\/\/varenotomotiv.com\/en\/wp-json\/wp\/v2\/product\/3858","targetHints":{"allow":["GET"]}}],"collection":[{"href":"https:\/\/varenotomotiv.com\/en\/wp-json\/wp\/v2\/product"}],"about":[{"href":"https:\/\/varenotomotiv.com\/en\/wp-json\/wp\/v2\/types\/product"}],"replies":[{"embeddable":true,"href":"https:\/\/varenotomotiv.com\/en\/wp-json\/wp\/v2\/comments?post=3858"}],"wp:featuredmedia":[{"embeddable":true,"href":"https:\/\/varenotomotiv.com\/en\/wp-json\/wp\/v2\/media\/4442"}],"wp:attachment":[{"href":"https:\/\/varenotomotiv.com\/en\/wp-json\/wp\/v2\/media?parent=3858"}],"wp:term":[{"taxonomy":"product_brand","embeddable":true,"href":"https:\/\/varenotomotiv.com\/en\/wp-json\/wp\/v2\/product_brand?post=3858"},{"taxonomy":"product_cat","embeddable":true,"href":"https:\/\/varenotomotiv.com\/en\/wp-json\/wp\/v2\/product_cat?post=3858"},{"taxonomy":"product_tag","embeddable":true,"href":"https:\/\/varenotomotiv.com\/en\/wp-json\/wp\/v2\/product_tag?post=3858"}],"curies":[{"name":"wp","href":"https:\/\/api.w.org\/{rel}","templated":true}]}}