{"id":3255,"date":"2026-02-25T17:42:42","date_gmt":"2026-02-25T14:42:42","guid":{"rendered":"https:\/\/varenotomotiv.com\/urun\/215-65r17-99v-eagle-sport-2-suv\/"},"modified":"2026-02-25T18:19:35","modified_gmt":"2026-02-25T15:19:35","slug":"215-65r17-99v-eagle-sport-2-suv","status":"publish","type":"product","link":"https:\/\/varenotomotiv.com\/en\/product\/215-65r17-99v-eagle-sport-2-suv\/","title":{"rendered":"215\/65R17 99V Eagle Sport 2 SUV"},"content":{"rendered":"","protected":false},"excerpt":{"rendered":"","protected":false},"featured_media":0,"comment_status":"open","ping_status":"closed","template":"","meta":{"_themeisle_gutenberg_block_has_review":false},"product_brand":[87],"product_cat":[15],"product_tag":[],"class_list":{"0":"post-3255","1":"product","2":"type-product","3":"status-publish","5":"product_brand-goodyear","6":"product_cat-uncategorized","8":"first","9":"instock","10":"shipping-taxable","11":"purchasable","12":"product-type-simple"},"yoast_head":"<!-- This site is optimized with the Yoast SEO plugin v27.4 - https:\/\/yoast.com\/product\/yoast-seo-wordpress\/ -->\n<title>215\/65R17 99V Eagle Sport 2 SUV - Varen Otomotiv<\/title>\n<meta name=\"robots\" content=\"index, follow, max-snippet:-1, max-image-preview:large, max-video-preview:-1\" \/>\n<link rel=\"canonical\" href=\"https:\/\/varenotomotiv.com\/en\/product\/215-65r17-99v-eagle-sport-2-suv\/\" \/>\n<meta property=\"og:locale\" content=\"en_GB\" \/>\n<meta property=\"og:type\" content=\"article\" \/>\n<meta property=\"og:title\" content=\"215\/65R17 99V Eagle Sport 2 SUV - Varen Otomotiv\" \/>\n<meta property=\"og:url\" content=\"https:\/\/varenotomotiv.com\/en\/product\/215-65r17-99v-eagle-sport-2-suv\/\" \/>\n<meta property=\"og:site_name\" content=\"Varen Otomotiv\" \/>\n<meta property=\"article:modified_time\" content=\"2026-02-25T15:19:35+00:00\" \/>\n<meta name=\"twitter:card\" content=\"summary_large_image\" \/>\n<script type=\"application\/ld+json\" class=\"yoast-schema-graph\">{\"@context\":\"https:\\\/\\\/schema.org\",\"@graph\":[{\"@type\":\"WebPage\",\"@id\":\"https:\\\/\\\/varenotomotiv.com\\\/urun\\\/215-65r17-99v-eagle-sport-2-suv\\\/\",\"url\":\"https:\\\/\\\/varenotomotiv.com\\\/urun\\\/215-65r17-99v-eagle-sport-2-suv\\\/\",\"name\":\"215\\\/65R17 99V Eagle Sport 2 SUV - Varen Otomotiv\",\"isPartOf\":{\"@id\":\"https:\\\/\\\/varenotomotiv.com\\\/#website\"},\"datePublished\":\"2026-02-25T14:42:42+00:00\",\"dateModified\":\"2026-02-25T15:19:35+00:00\",\"breadcrumb\":{\"@id\":\"https:\\\/\\\/varenotomotiv.com\\\/urun\\\/215-65r17-99v-eagle-sport-2-suv\\\/#breadcrumb\"},\"inLanguage\":\"en-GB\",\"potentialAction\":[{\"@type\":\"ReadAction\",\"target\":[\"https:\\\/\\\/varenotomotiv.com\\\/urun\\\/215-65r17-99v-eagle-sport-2-suv\\\/\"]}]},{\"@type\":\"BreadcrumbList\",\"@id\":\"https:\\\/\\\/varenotomotiv.com\\\/urun\\\/215-65r17-99v-eagle-sport-2-suv\\\/#breadcrumb\",\"itemListElement\":[{\"@type\":\"ListItem\",\"position\":1,\"name\":\"Anasayfa\",\"item\":\"https:\\\/\\\/varenotomotiv.com\\\/\"},{\"@type\":\"ListItem\",\"position\":2,\"name\":\"T\u00fcm \u00dcr\u00fcnler\",\"item\":\"https:\\\/\\\/varenotomotiv.com\\\/tum-urunler\\\/\"},{\"@type\":\"ListItem\",\"position\":3,\"name\":\"215\\\/65R17 99V Eagle Sport 2 SUV\"}]},{\"@type\":\"WebSite\",\"@id\":\"https:\\\/\\\/varenotomotiv.com\\\/#website\",\"url\":\"https:\\\/\\\/varenotomotiv.com\\\/\",\"name\":\"Varen Otomotiv\",\"description\":\"\",\"publisher\":{\"@id\":\"https:\\\/\\\/varenotomotiv.com\\\/#organization\"},\"potentialAction\":[{\"@type\":\"SearchAction\",\"target\":{\"@type\":\"EntryPoint\",\"urlTemplate\":\"https:\\\/\\\/varenotomotiv.com\\\/?s={search_term_string}\"},\"query-input\":{\"@type\":\"PropertyValueSpecification\",\"valueRequired\":true,\"valueName\":\"search_term_string\"}}],\"inLanguage\":\"en-GB\"},{\"@type\":\"Organization\",\"@id\":\"https:\\\/\\\/varenotomotiv.com\\\/#organization\",\"name\":\"Varen Otomotiv\",\"url\":\"https:\\\/\\\/varenotomotiv.com\\\/\",\"logo\":{\"@type\":\"ImageObject\",\"inLanguage\":\"en-GB\",\"@id\":\"https:\\\/\\\/varenotomotiv.com\\\/#\\\/schema\\\/logo\\\/image\\\/\",\"url\":\"https:\\\/\\\/varenotomotiv.com\\\/wp-content\\\/uploads\\\/2026\\\/01\\\/Varen-Logo-Koyu1.png\",\"contentUrl\":\"https:\\\/\\\/varenotomotiv.com\\\/wp-content\\\/uploads\\\/2026\\\/01\\\/Varen-Logo-Koyu1.png\",\"width\":500,\"height\":109,\"caption\":\"Varen Otomotiv\"},\"image\":{\"@id\":\"https:\\\/\\\/varenotomotiv.com\\\/#\\\/schema\\\/logo\\\/image\\\/\"}}]}<\/script>\n<!-- \/ Yoast SEO plugin. -->","yoast_head_json":{"title":"215\/65R17 99V Eagle Sport 2 SUV - Varen Otomotiv","robots":{"index":"index","follow":"follow","max-snippet":"max-snippet:-1","max-image-preview":"max-image-preview:large","max-video-preview":"max-video-preview:-1"},"canonical":"https:\/\/varenotomotiv.com\/en\/product\/215-65r17-99v-eagle-sport-2-suv\/","og_locale":"en_GB","og_type":"article","og_title":"215\/65R17 99V Eagle Sport 2 SUV - Varen Otomotiv","og_url":"https:\/\/varenotomotiv.com\/en\/product\/215-65r17-99v-eagle-sport-2-suv\/","og_site_name":"Varen Otomotiv","article_modified_time":"2026-02-25T15:19:35+00:00","twitter_card":"summary_large_image","schema":{"@context":"https:\/\/schema.org","@graph":[{"@type":"WebPage","@id":"https:\/\/varenotomotiv.com\/urun\/215-65r17-99v-eagle-sport-2-suv\/","url":"https:\/\/varenotomotiv.com\/urun\/215-65r17-99v-eagle-sport-2-suv\/","name":"215\/65R17 99V Eagle Sport 2 SUV - Varen Otomotiv","isPartOf":{"@id":"https:\/\/varenotomotiv.com\/#website"},"datePublished":"2026-02-25T14:42:42+00:00","dateModified":"2026-02-25T15:19:35+00:00","breadcrumb":{"@id":"https:\/\/varenotomotiv.com\/urun\/215-65r17-99v-eagle-sport-2-suv\/#breadcrumb"},"inLanguage":"en-GB","potentialAction":[{"@type":"ReadAction","target":["https:\/\/varenotomotiv.com\/urun\/215-65r17-99v-eagle-sport-2-suv\/"]}]},{"@type":"BreadcrumbList","@id":"https:\/\/varenotomotiv.com\/urun\/215-65r17-99v-eagle-sport-2-suv\/#breadcrumb","itemListElement":[{"@type":"ListItem","position":1,"name":"Anasayfa","item":"https:\/\/varenotomotiv.com\/"},{"@type":"ListItem","position":2,"name":"T\u00fcm \u00dcr\u00fcnler","item":"https:\/\/varenotomotiv.com\/tum-urunler\/"},{"@type":"ListItem","position":3,"name":"215\/65R17 99V Eagle Sport 2 SUV"}]},{"@type":"WebSite","@id":"https:\/\/varenotomotiv.com\/#website","url":"https:\/\/varenotomotiv.com\/","name":"Varen Otomotiv","description":"","publisher":{"@id":"https:\/\/varenotomotiv.com\/#organization"},"potentialAction":[{"@type":"SearchAction","target":{"@type":"EntryPoint","urlTemplate":"https:\/\/varenotomotiv.com\/?s={search_term_string}"},"query-input":{"@type":"PropertyValueSpecification","valueRequired":true,"valueName":"search_term_string"}}],"inLanguage":"en-GB"},{"@type":"Organization","@id":"https:\/\/varenotomotiv.com\/#organization","name":"Varen Otomotiv","url":"https:\/\/varenotomotiv.com\/","logo":{"@type":"ImageObject","inLanguage":"en-GB","@id":"https:\/\/varenotomotiv.com\/#\/schema\/logo\/image\/","url":"https:\/\/varenotomotiv.com\/wp-content\/uploads\/2026\/01\/Varen-Logo-Koyu1.png","contentUrl":"https:\/\/varenotomotiv.com\/wp-content\/uploads\/2026\/01\/Varen-Logo-Koyu1.png","width":500,"height":109,"caption":"Varen Otomotiv"},"image":{"@id":"https:\/\/varenotomotiv.com\/#\/schema\/logo\/image\/"}}]}},"_links":{"self":[{"href":"https:\/\/varenotomotiv.com\/en\/wp-json\/wp\/v2\/product\/3255","targetHints":{"allow":["GET"]}}],"collection":[{"href":"https:\/\/varenotomotiv.com\/en\/wp-json\/wp\/v2\/product"}],"about":[{"href":"https:\/\/varenotomotiv.com\/en\/wp-json\/wp\/v2\/types\/product"}],"replies":[{"embeddable":true,"href":"https:\/\/varenotomotiv.com\/en\/wp-json\/wp\/v2\/comments?post=3255"}],"wp:attachment":[{"href":"https:\/\/varenotomotiv.com\/en\/wp-json\/wp\/v2\/media?parent=3255"}],"wp:term":[{"taxonomy":"product_brand","embeddable":true,"href":"https:\/\/varenotomotiv.com\/en\/wp-json\/wp\/v2\/product_brand?post=3255"},{"taxonomy":"product_cat","embeddable":true,"href":"https:\/\/varenotomotiv.com\/en\/wp-json\/wp\/v2\/product_cat?post=3255"},{"taxonomy":"product_tag","embeddable":true,"href":"https:\/\/varenotomotiv.com\/en\/wp-json\/wp\/v2\/product_tag?post=3255"}],"curies":[{"name":"wp","href":"https:\/\/api.w.org\/{rel}","templated":true}]}}