{"id":3207,"date":"2026-02-25T17:27:53","date_gmt":"2026-02-25T14:27:53","guid":{"rendered":"https:\/\/varenotomotiv.com\/urun\/215-55r16-93v-turanza-6\/"},"modified":"2026-02-25T18:15:59","modified_gmt":"2026-02-25T15:15:59","slug":"215-55r16-93v-turanza-6","status":"publish","type":"product","link":"https:\/\/varenotomotiv.com\/en\/product\/215-55r16-93v-turanza-6\/","title":{"rendered":"215\/55R16 93V Turanza 6"},"content":{"rendered":"","protected":false},"excerpt":{"rendered":"","protected":false},"featured_media":3206,"comment_status":"open","ping_status":"closed","template":"","meta":{"_themeisle_gutenberg_block_has_review":false},"product_brand":[83],"product_cat":[15],"product_tag":[],"class_list":{"0":"post-3207","1":"product","2":"type-product","3":"status-publish","4":"has-post-thumbnail","6":"product_brand-bridgestone","7":"product_cat-uncategorized","9":"first","10":"instock","11":"shipping-taxable","12":"purchasable","13":"product-type-simple"},"yoast_head":"<!-- This site is optimized with the Yoast SEO plugin v27.4 - https:\/\/yoast.com\/product\/yoast-seo-wordpress\/ -->\n<title>215\/55R16 93V Turanza 6 - Varen Otomotiv<\/title>\n<meta name=\"robots\" content=\"index, follow, max-snippet:-1, max-image-preview:large, max-video-preview:-1\" \/>\n<link rel=\"canonical\" href=\"https:\/\/varenotomotiv.com\/en\/product\/215-55r16-93v-turanza-6\/\" \/>\n<meta property=\"og:locale\" content=\"en_GB\" \/>\n<meta property=\"og:type\" content=\"article\" \/>\n<meta property=\"og:title\" content=\"215\/55R16 93V Turanza 6 - Varen Otomotiv\" \/>\n<meta property=\"og:url\" content=\"https:\/\/varenotomotiv.com\/en\/product\/215-55r16-93v-turanza-6\/\" \/>\n<meta property=\"og:site_name\" content=\"Varen Otomotiv\" \/>\n<meta property=\"article:modified_time\" content=\"2026-02-25T15:15:59+00:00\" \/>\n<meta name=\"twitter:card\" content=\"summary_large_image\" \/>\n<script type=\"application\/ld+json\" class=\"yoast-schema-graph\">{\"@context\":\"https:\\\/\\\/schema.org\",\"@graph\":[{\"@type\":\"WebPage\",\"@id\":\"https:\\\/\\\/varenotomotiv.com\\\/urun\\\/215-55r16-93v-turanza-6\\\/\",\"url\":\"https:\\\/\\\/varenotomotiv.com\\\/urun\\\/215-55r16-93v-turanza-6\\\/\",\"name\":\"215\\\/55R16 93V Turanza 6 - Varen Otomotiv\",\"isPartOf\":{\"@id\":\"https:\\\/\\\/varenotomotiv.com\\\/#website\"},\"primaryImageOfPage\":{\"@id\":\"https:\\\/\\\/varenotomotiv.com\\\/urun\\\/215-55r16-93v-turanza-6\\\/#primaryimage\"},\"image\":{\"@id\":\"https:\\\/\\\/varenotomotiv.com\\\/urun\\\/215-55r16-93v-turanza-6\\\/#primaryimage\"},\"thumbnailUrl\":\"https:\\\/\\\/varenotomotiv.com\\\/wp-content\\\/uploads\\\/2026\\\/02\\\/BRD-BN-00611568-25_714945ae5c5f.png\",\"datePublished\":\"2026-02-25T14:27:53+00:00\",\"dateModified\":\"2026-02-25T15:15:59+00:00\",\"breadcrumb\":{\"@id\":\"https:\\\/\\\/varenotomotiv.com\\\/urun\\\/215-55r16-93v-turanza-6\\\/#breadcrumb\"},\"inLanguage\":\"en-GB\",\"potentialAction\":[{\"@type\":\"ReadAction\",\"target\":[\"https:\\\/\\\/varenotomotiv.com\\\/urun\\\/215-55r16-93v-turanza-6\\\/\"]}]},{\"@type\":\"ImageObject\",\"inLanguage\":\"en-GB\",\"@id\":\"https:\\\/\\\/varenotomotiv.com\\\/urun\\\/215-55r16-93v-turanza-6\\\/#primaryimage\",\"url\":\"https:\\\/\\\/varenotomotiv.com\\\/wp-content\\\/uploads\\\/2026\\\/02\\\/BRD-BN-00611568-25_714945ae5c5f.png\",\"contentUrl\":\"https:\\\/\\\/varenotomotiv.com\\\/wp-content\\\/uploads\\\/2026\\\/02\\\/BRD-BN-00611568-25_714945ae5c5f.png\",\"width\":1000,\"height\":1000,\"caption\":\"215\\\/55R16 93V Turanza 6\"},{\"@type\":\"BreadcrumbList\",\"@id\":\"https:\\\/\\\/varenotomotiv.com\\\/urun\\\/215-55r16-93v-turanza-6\\\/#breadcrumb\",\"itemListElement\":[{\"@type\":\"ListItem\",\"position\":1,\"name\":\"Anasayfa\",\"item\":\"https:\\\/\\\/varenotomotiv.com\\\/\"},{\"@type\":\"ListItem\",\"position\":2,\"name\":\"T\u00fcm \u00dcr\u00fcnler\",\"item\":\"https:\\\/\\\/varenotomotiv.com\\\/tum-urunler\\\/\"},{\"@type\":\"ListItem\",\"position\":3,\"name\":\"215\\\/55R16 93V Turanza 6\"}]},{\"@type\":\"WebSite\",\"@id\":\"https:\\\/\\\/varenotomotiv.com\\\/#website\",\"url\":\"https:\\\/\\\/varenotomotiv.com\\\/\",\"name\":\"Varen Otomotiv\",\"description\":\"\",\"publisher\":{\"@id\":\"https:\\\/\\\/varenotomotiv.com\\\/#organization\"},\"potentialAction\":[{\"@type\":\"SearchAction\",\"target\":{\"@type\":\"EntryPoint\",\"urlTemplate\":\"https:\\\/\\\/varenotomotiv.com\\\/?s={search_term_string}\"},\"query-input\":{\"@type\":\"PropertyValueSpecification\",\"valueRequired\":true,\"valueName\":\"search_term_string\"}}],\"inLanguage\":\"en-GB\"},{\"@type\":\"Organization\",\"@id\":\"https:\\\/\\\/varenotomotiv.com\\\/#organization\",\"name\":\"Varen Otomotiv\",\"url\":\"https:\\\/\\\/varenotomotiv.com\\\/\",\"logo\":{\"@type\":\"ImageObject\",\"inLanguage\":\"en-GB\",\"@id\":\"https:\\\/\\\/varenotomotiv.com\\\/#\\\/schema\\\/logo\\\/image\\\/\",\"url\":\"https:\\\/\\\/varenotomotiv.com\\\/wp-content\\\/uploads\\\/2026\\\/01\\\/Varen-Logo-Koyu1.png\",\"contentUrl\":\"https:\\\/\\\/varenotomotiv.com\\\/wp-content\\\/uploads\\\/2026\\\/01\\\/Varen-Logo-Koyu1.png\",\"width\":500,\"height\":109,\"caption\":\"Varen Otomotiv\"},\"image\":{\"@id\":\"https:\\\/\\\/varenotomotiv.com\\\/#\\\/schema\\\/logo\\\/image\\\/\"}}]}<\/script>\n<!-- \/ Yoast SEO plugin. -->","yoast_head_json":{"title":"215\/55R16 93V Turanza 6 - Varen Otomotiv","robots":{"index":"index","follow":"follow","max-snippet":"max-snippet:-1","max-image-preview":"max-image-preview:large","max-video-preview":"max-video-preview:-1"},"canonical":"https:\/\/varenotomotiv.com\/en\/product\/215-55r16-93v-turanza-6\/","og_locale":"en_GB","og_type":"article","og_title":"215\/55R16 93V Turanza 6 - Varen Otomotiv","og_url":"https:\/\/varenotomotiv.com\/en\/product\/215-55r16-93v-turanza-6\/","og_site_name":"Varen Otomotiv","article_modified_time":"2026-02-25T15:15:59+00:00","twitter_card":"summary_large_image","schema":{"@context":"https:\/\/schema.org","@graph":[{"@type":"WebPage","@id":"https:\/\/varenotomotiv.com\/urun\/215-55r16-93v-turanza-6\/","url":"https:\/\/varenotomotiv.com\/urun\/215-55r16-93v-turanza-6\/","name":"215\/55R16 93V Turanza 6 - Varen Otomotiv","isPartOf":{"@id":"https:\/\/varenotomotiv.com\/#website"},"primaryImageOfPage":{"@id":"https:\/\/varenotomotiv.com\/urun\/215-55r16-93v-turanza-6\/#primaryimage"},"image":{"@id":"https:\/\/varenotomotiv.com\/urun\/215-55r16-93v-turanza-6\/#primaryimage"},"thumbnailUrl":"https:\/\/varenotomotiv.com\/wp-content\/uploads\/2026\/02\/BRD-BN-00611568-25_714945ae5c5f.png","datePublished":"2026-02-25T14:27:53+00:00","dateModified":"2026-02-25T15:15:59+00:00","breadcrumb":{"@id":"https:\/\/varenotomotiv.com\/urun\/215-55r16-93v-turanza-6\/#breadcrumb"},"inLanguage":"en-GB","potentialAction":[{"@type":"ReadAction","target":["https:\/\/varenotomotiv.com\/urun\/215-55r16-93v-turanza-6\/"]}]},{"@type":"ImageObject","inLanguage":"en-GB","@id":"https:\/\/varenotomotiv.com\/urun\/215-55r16-93v-turanza-6\/#primaryimage","url":"https:\/\/varenotomotiv.com\/wp-content\/uploads\/2026\/02\/BRD-BN-00611568-25_714945ae5c5f.png","contentUrl":"https:\/\/varenotomotiv.com\/wp-content\/uploads\/2026\/02\/BRD-BN-00611568-25_714945ae5c5f.png","width":1000,"height":1000,"caption":"215\/55R16 93V Turanza 6"},{"@type":"BreadcrumbList","@id":"https:\/\/varenotomotiv.com\/urun\/215-55r16-93v-turanza-6\/#breadcrumb","itemListElement":[{"@type":"ListItem","position":1,"name":"Anasayfa","item":"https:\/\/varenotomotiv.com\/"},{"@type":"ListItem","position":2,"name":"T\u00fcm \u00dcr\u00fcnler","item":"https:\/\/varenotomotiv.com\/tum-urunler\/"},{"@type":"ListItem","position":3,"name":"215\/55R16 93V Turanza 6"}]},{"@type":"WebSite","@id":"https:\/\/varenotomotiv.com\/#website","url":"https:\/\/varenotomotiv.com\/","name":"Varen Otomotiv","description":"","publisher":{"@id":"https:\/\/varenotomotiv.com\/#organization"},"potentialAction":[{"@type":"SearchAction","target":{"@type":"EntryPoint","urlTemplate":"https:\/\/varenotomotiv.com\/?s={search_term_string}"},"query-input":{"@type":"PropertyValueSpecification","valueRequired":true,"valueName":"search_term_string"}}],"inLanguage":"en-GB"},{"@type":"Organization","@id":"https:\/\/varenotomotiv.com\/#organization","name":"Varen Otomotiv","url":"https:\/\/varenotomotiv.com\/","logo":{"@type":"ImageObject","inLanguage":"en-GB","@id":"https:\/\/varenotomotiv.com\/#\/schema\/logo\/image\/","url":"https:\/\/varenotomotiv.com\/wp-content\/uploads\/2026\/01\/Varen-Logo-Koyu1.png","contentUrl":"https:\/\/varenotomotiv.com\/wp-content\/uploads\/2026\/01\/Varen-Logo-Koyu1.png","width":500,"height":109,"caption":"Varen Otomotiv"},"image":{"@id":"https:\/\/varenotomotiv.com\/#\/schema\/logo\/image\/"}}]}},"_links":{"self":[{"href":"https:\/\/varenotomotiv.com\/en\/wp-json\/wp\/v2\/product\/3207","targetHints":{"allow":["GET"]}}],"collection":[{"href":"https:\/\/varenotomotiv.com\/en\/wp-json\/wp\/v2\/product"}],"about":[{"href":"https:\/\/varenotomotiv.com\/en\/wp-json\/wp\/v2\/types\/product"}],"replies":[{"embeddable":true,"href":"https:\/\/varenotomotiv.com\/en\/wp-json\/wp\/v2\/comments?post=3207"}],"wp:featuredmedia":[{"embeddable":true,"href":"https:\/\/varenotomotiv.com\/en\/wp-json\/wp\/v2\/media\/3206"}],"wp:attachment":[{"href":"https:\/\/varenotomotiv.com\/en\/wp-json\/wp\/v2\/media?parent=3207"}],"wp:term":[{"taxonomy":"product_brand","embeddable":true,"href":"https:\/\/varenotomotiv.com\/en\/wp-json\/wp\/v2\/product_brand?post=3207"},{"taxonomy":"product_cat","embeddable":true,"href":"https:\/\/varenotomotiv.com\/en\/wp-json\/wp\/v2\/product_cat?post=3207"},{"taxonomy":"product_tag","embeddable":true,"href":"https:\/\/varenotomotiv.com\/en\/wp-json\/wp\/v2\/product_tag?post=3207"}],"curies":[{"name":"wp","href":"https:\/\/api.w.org\/{rel}","templated":true}]}}